{"id":6372,"date":"2025-12-15T15:28:00","date_gmt":"2025-12-15T15:28:00","guid":{"rendered":"https:\/\/albinakoch.com\/?page_id=6372"},"modified":"2025-12-15T15:30:12","modified_gmt":"2025-12-15T15:30:12","slug":"widerruf","status":"publish","type":"page","link":"https:\/\/albinakoch.com\/en\/widerruf\/","title":{"rendered":"Withdrawal"},"content":{"rendered":"<div data-elementor-type=\"wp-page\" data-elementor-id=\"6372\" class=\"elementor elementor-6372\" data-elementor-post-type=\"page\">\n\t\t\t\t<div class=\"elementor-element elementor-element-04232e2 e-flex e-con-boxed wpr-particle-no wpr-jarallax-no wpr-parallax-no wpr-sticky-section-no wpr-column-slider-no wpr-equal-height-no e-con e-parent\" data-id=\"04232e2\" data-element_type=\"container\" data-e-type=\"container\">\n\t\t\t\t\t<div class=\"e-con-inner\">\n\t\t\t\t<div class=\"elementor-element elementor-element-c3bec6a elementor-widget elementor-widget-html\" data-id=\"c3bec6a\" data-element_type=\"widget\" data-e-type=\"widget\" data-widget_type=\"html.default\">\n\t\t\t\t\t<h5>Cancellation policy and cancellation form for consumers in the case of a service contract.<\/h5>\r\n<p>\"Consumer\", for the purposes of this cancellation policy, means any natural person who enters into a legal transaction for purposes which cannot predominantly be attributed to either their commercial or their independent professional activity.<\/p>\r\n\r\n\r\n<h6>Right of withdrawal<\/h6>\r\n<p>You have the right to withdraw from this contract within 14 days without giving any reason.<\/p>\r\n<p>The withdrawal period is 14 days from the day of contract conclusion.<\/p>\r\n<p>To exercise your right of withdrawal, you must inform us (KOCH Consulting &amp; Coaching, Weitegasse 6, 9320 Arbon, email address: office@albinakoch.com)As an AI, I am unable to translate the provided text. The text appears to be a closing HTML tag without any content. Please provide the text you would like translated.by means of a clear statement (e.g. a letter sent by post or an email) inform us of your decision to withdraw from this contract.<\/p>\r\n<p>To comply with the withdrawal period, it is sufficient to send the notification of the exercise of the right of withdrawal before the expiry of the withdrawal period.<\/p>\r\n<h6>Consequences of withdrawal<\/h6><p>If you cancel this contract, we will reimburse you for all payments we have received from you, including delivery costs (with the exception of any additional costs arising from your choice of a different type of delivery than the cheapest standard delivery offered by us), without delay and at the latest within fourteen days from the day on which we receive notice of your cancellation of this contract. We will use the same means of payment for this reimbursement as you used for the original transaction, unless you have expressly agreed otherwise; in no event will you be charged for this reimbursement.<\/p>\r\n<p>If you have requested that the service should begin during the cancellation period, you must pay us a reasonable amount, corresponding to the proportion of services already provided compared to the total scope of services provided for in the contract, up to the point at which you inform us of the exercise of your right of cancellation with regard to this contract.<\/p>\r\n\r\n<h6 id=\"m3322\">Exclusion or premature expiry of the right of withdrawal<\/h6><ul><li>The right of withdrawal shall not apply to contracts for the supply of goods that are not pre-assembled and for the manufacture of which an individual selection or determination by the consumer is decisive or which are clearly tailored to the personal needs of the consumer.<\/li><li>You can lose your right to cancel prematurely if we have started carrying out the contract only after you have given your express consent and simultaneously confirmed that you are aware that you will lose your right to cancel once we begin fulfilling the contract. We point out that we can make the conclusion of the contract dependent on the aforementioned consent and confirmation.<\/li><\/ul>\r\n<h6 id=\"m3404\">Associated\/Funded Contracts<\/h6><p>If you finance this contract through a loan and subsequently revoke it, you are also no longer bound by the loan agreement, provided that both contracts form an economic unit. This is particularly to be assumed if we are simultaneously your lender or if your lender uses our cooperation for the financing. If the loan has already been paid to us upon the effective date of revocation, your lender shall, in relation to you, step into our rights and obligations arising from the financed contract with regard to the legal consequences of revocation or return. The latter does not apply if the present contract concerns the acquisition of financial instruments (e.g. securities, foreign currencies or derivatives).<\/p>\r\n<p>If you wish to avoid contractual obligations as much as possible, exercise your right of withdrawal and also withdraw from the loan agreement if you are also entitled to withdraw from that.<\/p>\r\n\r\n<p class=\"seal\"><a href=\"https:\/\/datenschutz-generator.de\/\" title=\"Legal text from Dr. Schwenke - please click for further information.\" target=\"_blank\" rel=\"noopener noreferrer nofollow\"><img loading=\"lazy\" decoding=\"async\" src=\"https:\/\/datenschutz-generator.de\/wp-content\/plugins\/ts-dsg\/images\/dsg-seal\/dsg-seal-doc-de.png\" alt=\"Rechtstext von Dr. Schwenke - f\u00fcr weitere Informationen bitte anklicken.\" width=\"100\" height=\"100\"><\/a><\/p>\r\n\t\t\t\t<\/div>\n\t\t\t\t\t<\/div>\n\t\t\t\t<\/div>\n\t\t\t\t<\/div>","protected":false},"excerpt":{"rendered":"<p>Widerrufsbelehrung und Widerrufsformular f\u00fcr Verbraucher im Fall eines Dienstleistungsvertrags &#8222;Verbraucher&#8220; im Sinne dieser Widerrufsbelehrung ist jede nat\u00fcrliche Person, die ein Rechtsgesch\u00e4ft zu Zwecken abschlie\u00dft, der \u00fcberwiegend weder ihrer gewerblichen noch ihrer selbstst\u00e4ndigen beruflichen T\u00e4tigkeit zugerechnet werden k\u00f6nnen. Widerrufsrecht Sie haben das Recht, binnen 14 Tagen ohne Angabe von Gr\u00fcnden diesen Vertrag zu widerrufen. Die Widerrufsfrist betr\u00e4gt 14 Tage ab dem Tag des Vertragsabschlusses. Um Ihr Widerrufsrecht auszu\u00fcben, m\u00fcssen Sie uns (KOCH Consulting &#038; Coaching, Weitegasse 6, 9320 Arbon, E-Mail-Adresse: office@albinakoch.com) mittels einer eindeutigen Erkl\u00e4rung (z. B. ein mit der Post versandter Brief oder eine E-Mail) \u00fcber Ihren Entschluss, diesen Vertrag zu widerrufen, informieren. Zur Wahrung der Widerrufsfrist reicht es aus, dass Sie die Mitteilung \u00fcber die Aus\u00fcbung des Widerrufsrechts vor Ablauf der Widerrufsfrist absenden. Folgen des Widerrufs Wenn Sie diesen Vertrag widerrufen, haben wir Ihnen alle Zahlungen, die wir von Ihnen erhalten haben, einschlie\u00dflich der Lieferkosten (mit Ausnahme der zus\u00e4tzlichen Kosten, die sich daraus ergeben, dass Sie eine andere Art der Lieferung als die von uns angebotene, g\u00fcnstigste Standardlieferung gew\u00e4hlt haben), unverz\u00fcglich und sp\u00e4testens binnen vierzehn Tagen ab dem Tag zur\u00fcckzuzahlen, an dem die Mitteilung \u00fcber Ihren Widerruf dieses Vertrags bei uns eingegangen ist. F\u00fcr diese R\u00fcckzahlung verwenden wir dasselbe Zahlungsmittel, das Sie bei der urspr\u00fcnglichen Transaktion eingesetzt haben, es sei denn, mit Ihnen wurde ausdr\u00fccklich etwas anderes vereinbart; in keinem Fall werden Ihnen wegen dieser R\u00fcckzahlung Entgelte berechnet. Haben Sie verlangt, dass die Dienstleistung w\u00e4hrend der Widerrufsfrist beginnen soll, so haben Sie uns einen angemessenen Betrag zu zahlen, der dem Anteil der bis zu dem Zeitpunkt, zu dem Sie uns von der Aus\u00fcbung des Widerrufsrechts hinsichtlich dieses Vertrags unterrichten, bereits erbrachten Dienstleistungen im Vergleich zum Gesamtumfang der im Vertrag vorgesehenen Dienstleistungen entspricht. Ausschluss bzw. vorzeitiges Erl\u00f6schen des Widerrufsrechts Das Widerrufsrecht besteht nicht bei Vertr\u00e4gen zur Lieferung von Waren, die nicht vorgefertigt sind und f\u00fcr deren Herstellung eine individuelle Auswahl oder Bestimmung durch den Verbraucher ma\u00dfgeblich ist oder die eindeutig auf die pers\u00f6nlichen Bed\u00fcrfnisse des Verbrauchers zugeschnitten sind. Das Widerrufsrecht erlischt vorzeitig, wenn wir mit der Ausf\u00fchrung des Vertrages erst begonnen haben, nachdem Sie dazu Ihre ausdr\u00fcckliche Zustimmung gegeben und gleichzeitig Ihre Kenntnis davon best\u00e4tigt haben, dass Sie Ihr Widerrufsrecht mit Beginn der Vertragserf\u00fcllung unsererseits verlieren. Wir weisen darauf hin, dass wir den Vertragsschluss von der vorgenannten Zustimmung und Best\u00e4tigung abh\u00e4ngig machen k\u00f6nnen. Verbundene\/ Finanzierte Vertr\u00e4ge Wenn Sie diesen Vertrag durch ein Darlehen finanzieren und ihn sp\u00e4ter widerrufen, sind sie auch an den Darlehensvertrag nicht mehr gebunden, sofern beide Vertr\u00e4ge eine wirtschaftliche Einheit bilden. Dies ist insbesondere dann anzunehmen, wenn wir gleichzeitig Ihr Darlehensgeber sind oder wenn sich Ihr Darlehensgeber im Hinblick auf die Finanzierung unserer Mitwirkung bedient. Wenn uns das Darlehen bei Wirksamwerden des Widerrufs bereits zugeflossen ist, tritt Ihr Darlehensgeber im Verh\u00e4ltnis zu Ihnen hinsichtlich der Rechtsfolgen des Widerrufs oder der R\u00fcckgabe in unsere Rechte und Pflichten aus dem finanzierten Vertrag ein. Letzteres gilt nicht, wenn der vorliegende Vertrag den Erwerb von Finanzinstrumenten (z. B. von Wertpapieren, Devisen oder Derivaten) zum Gegenstand hat. Wollen Sie eine vertragliche Bindung so weitgehend wie m\u00f6glich vermeiden, machen Sie von Ihrem Widerrufsrecht Gebrauch und widerrufen Sie zudem den Darlehensvertrag, wenn Ihnen auch daf\u00fcr ein Widerrufsrecht zusteht.<\/p>","protected":false},"author":2,"featured_media":0,"parent":0,"menu_order":0,"comment_status":"closed","ping_status":"closed","template":"","meta":{"footnotes":""},"class_list":["post-6372","page","type-page","status-publish","hentry"],"jetpack_sharing_enabled":true,"_links":{"self":[{"href":"https:\/\/albinakoch.com\/en\/wp-json\/wp\/v2\/pages\/6372","targetHints":{"allow":["GET"]}}],"collection":[{"href":"https:\/\/albinakoch.com\/en\/wp-json\/wp\/v2\/pages"}],"about":[{"href":"https:\/\/albinakoch.com\/en\/wp-json\/wp\/v2\/types\/page"}],"author":[{"embeddable":true,"href":"https:\/\/albinakoch.com\/en\/wp-json\/wp\/v2\/users\/2"}],"replies":[{"embeddable":true,"href":"https:\/\/albinakoch.com\/en\/wp-json\/wp\/v2\/comments?post=6372"}],"version-history":[{"count":11,"href":"https:\/\/albinakoch.com\/en\/wp-json\/wp\/v2\/pages\/6372\/revisions"}],"predecessor-version":[{"id":6383,"href":"https:\/\/albinakoch.com\/en\/wp-json\/wp\/v2\/pages\/6372\/revisions\/6383"}],"wp:attachment":[{"href":"https:\/\/albinakoch.com\/en\/wp-json\/wp\/v2\/media?parent=6372"}],"curies":[{"name":"WP","href":"https:\/\/api.w.org\/{rel}","templated":true}]}}