{"id":6355,"date":"2025-12-04T21:16:38","date_gmt":"2025-12-04T21:16:38","guid":{"rendered":"https:\/\/albinakoch.com\/?page_id=6355"},"modified":"2025-12-04T21:39:28","modified_gmt":"2025-12-04T21:39:28","slug":"impressum","status":"publish","type":"page","link":"https:\/\/albinakoch.com\/en\/impressum\/","title":{"rendered":"Imprint"},"content":{"rendered":"<div data-elementor-type=\"wp-page\" data-elementor-id=\"6355\" class=\"elementor elementor-6355\" data-elementor-post-type=\"page\">\n\t\t\t\t<div class=\"elementor-element elementor-element-8c25889 e-flex e-con-boxed wpr-particle-no wpr-jarallax-no wpr-parallax-no wpr-sticky-section-no wpr-column-slider-no wpr-equal-height-no e-con e-parent\" data-id=\"8c25889\" data-element_type=\"container\" data-e-type=\"container\">\n\t\t\t\t\t<div class=\"e-con-inner\">\n\t\t\t\t<div class=\"elementor-element elementor-element-e9493b0 elementor-widget elementor-widget-html\" data-id=\"e9493b0\" data-element_type=\"widget\" data-e-type=\"widget\" data-widget_type=\"html.default\">\n\t\t\t\t\t<h5>Imprint<\/h5>\r\n<h6 id=\"m46\">Service provider<\/h6>\r\n<p>KOCH Consulting &amp; Coaching<\/p>\r\n<p>c\/o Albina Koch<\/p>\r\n<p>Weitegasse 6<\/p>\r\n<p>9320 Arbon<\/p>\r\n\r\n<h6 id=\"m56\">Contact options<\/h6>\r\n<p>Email address <a href=\"mailto:office@albinakoch.com\">office@albinakoch.com<\/a><\/p>\r\n<p>Contact Form <a href=\"https:\/\/albinakoch.com\/en\/kontakt\/\" target=\"_blank\">https:\/\/www.albinakoch.com\/kontakt<\/a><\/p>\r\n\r\n<h6 id=\"m58\">Company details<\/h6>\r\n<p>VAT Identification Number (USt-ID): CHE-284.355.786<\/p>\r\n<p>Business area: Provision of business consulting services<\/p>\r\n<p>Terms &amp; Conditions <a href=\"https:\/\/albinakoch.com\/en\/agb\/\" target=\"_blank\">https:\/\/www.albinakoch.com\/agb<\/a><\/p>\r\n\r\n<h6 id=\"m151\">Register and registration number<\/h6>\r\n<p>Companies House<\/p>\r\n<p>Managed by: Office for Company Registers and Civil Status Affairs Thurgau<\/p>\r\n<p>Reference number: CH-020.1.093.954-4<\/p>\r\n\r\n<h6 id=\"m174\">Consumer Dispute Resolution<\/h6>\r\n<p>We are not prepared and not obligated to participate in a dispute resolution procedure before a consumer arbitration board.<\/p>\r\n\r\n<h6 id=\"m65\">Liability and protective rights notices<\/h6>\r\n<p>Disclaimer: The content of this online offering has been compiled with care and to the best of our knowledge, but it is for informational purposes only and does not create any legally binding effect, unless it concerns legally required information (e.g. the imprint, the privacy policy, general terms and conditions, or mandatory consumer information). We reserve the right to change or delete the content in whole or in part, provided that contractual obligations remain unaffected. All offers are non-binding and without obligation.<\/p>\r\n<p>Links to External Websites: The content of external websites to which we refer directly or indirectly is outside our area of responsibility, and we do not adopt it as our own. We accept no responsibility for any content or disadvantages arising from the use of information accessible on the linked websites.<\/p>\r\n<p>Copyright and Trademark Rights: All content displayed on this website, such as texts, photographs, graphics, brands, and trademarks, is protected by the respective intellectual property rights (copyright, trademark rights). Use, reproduction, etc. are subject to our rights or the rights of the respective copyright holders or rights holders.<\/p>\r\n<p>Notifications of legal infringements: Should you notice any legal infringements within our internet presence, we kindly ask you to notify us of them. We will remove unlawful content and links immediately upon becoming aware of them.<\/p>\r\n\r\n<p class=\"seal\">\r\n    <a href=\"https:\/\/datenschutz-generator.de\/\" title=\"Legal text from Dr. Schwenke - please click for further information.\" target=\"_blank\" rel=\"noopener noreferrer nofollow\">\r\n        <img loading=\"lazy\" decoding=\"async\" src=\"https:\/\/datenschutz-generator.de\/wp-content\/plugins\/ts-dsg\/images\/dsg-seal\/dsg-seal-doc-de.png\" alt=\"Rechtstext von Dr. Schwenke - f\u00fcr weitere Informationen bitte anklicken.\" width=\"100\" height=\"100\">\r\n    <\/a>\r\n<\/p>\r\n\t\t\t\t<\/div>\n\t\t\t\t\t<\/div>\n\t\t\t\t<\/div>\n\t\t\t\t<\/div>","protected":false},"excerpt":{"rendered":"<p>Impressum Diensteanbieter KOCH Consulting &#038; Coaching c\/o Albina Koch Weitegasse 6 9320 Arbon Kontaktm\u00f6glichkeiten E-Mail-Adresse: office@albinakoch.com Kontaktformular: https:\/\/www.albinakoch.com\/kontakt Angaben zum Unternehmen Umsatzsteuer Identifikationsnummer (USt-ID): CHE-284.355.786 Gesch\u00e4ftsbereich: Erbringung von Unternehmensberatungsdienstleistungen AGB: https:\/\/www.albinakoch.com\/agb Register und Registernummer Handelsregister Gef\u00fchrt bei: Amt f\u00fcr Handelsregister und Zivilstandswesen Thurgau Nummer: CH-020.1.093.954-4 Verbraucherstreitbeilegung Wir sind nicht bereit und nicht verpflichtet an einem Streitbeilegungsverfahren vor einer Verbraucherstreitschlichtungsstelle teilzunehmen. Haftungs- und Schutzrechtshinweise Haftungsausschluss: Die Inhalte dieses Onlineangebotes wurden sorgf\u00e4ltig und nach unserem aktuellen Kenntnisstand erstellt, dienen jedoch nur der Information und entfalten keine rechtlich bindende Wirkung, sofern es sich nicht um gesetzlich verpflichtende Informationen (z. B. das Impressum, die Datenschutzerkl\u00e4rung, AGB oder verpflichtende Belehrungen von Verbrauchern) handelt. Wir behalten uns vor, die Inhalte vollst\u00e4ndig oder teilweise zu \u00e4ndern oder zu l\u00f6schen, soweit vertragliche Verpflichtungen unber\u00fchrt bleiben. Alle Angebote sind freibleibend und unverbindlich. Links auf fremde Webseiten: Die Inhalte fremder Webseiten, auf die wir direkt oder indirekt verweisen, liegen au\u00dferhalb unseres Verantwortungsbereiches und wir machen sie uns nicht zu Eigen. F\u00fcr alle Inhalte und Nachteile, die aus der Nutzung der in den verlinkten Webseiten aufrufbaren Informationen entstehen, \u00fcbernehmen wir keine Verantwortung. Urheberrechte und Markenrechte: Alle auf dieser Website dargestellten Inhalte, wie Texte, Fotografien, Grafiken, Marken und Warenzeichen sind durch die jeweiligen Schutzrechte (Urheberrechte, Markenrechte) gesch\u00fctzt. Die Verwendung, Vervielf\u00e4ltigung usw. unterliegen unseren Rechten oder den Rechten der jeweiligen Urheber bzw. Rechteinhaber. Hinweise auf Rechtsverst\u00f6\u00dfe: Sollten Sie innerhalb unseres Internetauftritts Rechtsverst\u00f6\u00dfe bemerken, bitten wir Sie uns auf diese hinzuweisen. Wir werden rechtswidrige Inhalte und Links nach Kenntnisnahme unverz\u00fcglich entfernen.<\/p>","protected":false},"author":2,"featured_media":0,"parent":0,"menu_order":0,"comment_status":"closed","ping_status":"closed","template":"","meta":{"footnotes":""},"class_list":["post-6355","page","type-page","status-publish","hentry"],"jetpack_sharing_enabled":true,"_links":{"self":[{"href":"https:\/\/albinakoch.com\/en\/wp-json\/wp\/v2\/pages\/6355","targetHints":{"allow":["GET"]}}],"collection":[{"href":"https:\/\/albinakoch.com\/en\/wp-json\/wp\/v2\/pages"}],"about":[{"href":"https:\/\/albinakoch.com\/en\/wp-json\/wp\/v2\/types\/page"}],"author":[{"embeddable":true,"href":"https:\/\/albinakoch.com\/en\/wp-json\/wp\/v2\/users\/2"}],"replies":[{"embeddable":true,"href":"https:\/\/albinakoch.com\/en\/wp-json\/wp\/v2\/comments?post=6355"}],"version-history":[{"count":4,"href":"https:\/\/albinakoch.com\/en\/wp-json\/wp\/v2\/pages\/6355\/revisions"}],"predecessor-version":[{"id":6359,"href":"https:\/\/albinakoch.com\/en\/wp-json\/wp\/v2\/pages\/6355\/revisions\/6359"}],"wp:attachment":[{"href":"https:\/\/albinakoch.com\/en\/wp-json\/wp\/v2\/media?parent=6355"}],"curies":[{"name":"WP","href":"https:\/\/api.w.org\/{rel}","templated":true}]}}