{"id":6085,"date":"2025-11-22T01:51:34","date_gmt":"2025-11-22T01:51:34","guid":{"rendered":"https:\/\/albinakoch-kochc-hw9guttw8o.live-website.com\/?page_id=6085"},"modified":"2025-12-15T15:32:40","modified_gmt":"2025-12-15T15:32:40","slug":"agb","status":"publish","type":"page","link":"https:\/\/albinakoch.com\/en\/agb\/","title":{"rendered":"Allgemeine Gesch\u00e4ftsbedingungen"},"content":{"rendered":"<div data-elementor-type=\"wp-page\" data-elementor-id=\"6085\" class=\"elementor elementor-6085\" data-elementor-post-type=\"page\">\n\t\t\t\t<div class=\"elementor-element elementor-element-c3bded8 e-flex e-con-boxed wpr-particle-no wpr-jarallax-no wpr-parallax-no wpr-sticky-section-no wpr-equal-height-no e-con e-parent\" data-id=\"c3bded8\" data-element_type=\"container\" data-e-type=\"container\">\n\t\t\t\t\t<div class=\"e-con-inner\">\n\t\t\t\t<div class=\"elementor-element elementor-element-58ce95b elementor-hidden-mobile elementor-widget elementor-widget-heading\" data-id=\"58ce95b\" data-element_type=\"widget\" data-e-type=\"widget\" data-widget_type=\"heading.default\">\n\t\t\t\t\t<h5 class=\"elementor-heading-title elementor-size-default\">Allgemeine Gesch\u00e4ftsbedingungen<\/h5>\t\t\t\t<\/div>\n\t\t\t\t<div class=\"elementor-element elementor-element-2c9b038 elementor-hidden-desktop elementor-hidden-tablet elementor-widget elementor-widget-heading\" data-id=\"2c9b038\" data-element_type=\"widget\" data-e-type=\"widget\" data-widget_type=\"heading.default\">\n\t\t\t\t\t<h5 class=\"elementor-heading-title elementor-size-default\">Allgemeine Gesch\u00e4fts-bedingungen<\/h5>\t\t\t\t<\/div>\n\t\t\t\t<div class=\"elementor-element elementor-element-61709ef elementor-widget elementor-widget-heading\" data-id=\"61709ef\" data-element_type=\"widget\" data-e-type=\"widget\" data-widget_type=\"heading.default\">\n\t\t\t\t\t<h6 class=\"elementor-heading-title elementor-size-default\">Koch Consulting &amp; Coaching (Albina Koch)<\/h6>\t\t\t\t<\/div>\n\t\t\t\t<div class=\"elementor-element elementor-element-8aea2ac elementor-widget elementor-widget-text-editor\" data-id=\"8aea2ac\" data-element_type=\"widget\" data-e-type=\"widget\" data-widget_type=\"text-editor.default\">\n\t\t\t\t\t\t\t\t\t<p>1. Allgemeines<\/p><p>Koch Consulting &amp; Coaching (Albina Koch), nachfolgend genannt KCC, f\u00fchrt Coaching und Beratung gem\u00e4\u00df diesen Allgemeinen Gesch\u00e4ftsbedingungen (AGB) durch. Mit der Beauftragung gelten diese Bedingungen vom Auftraggeber als angenommen.<br \/>Weitere Vereinbarungen sind f\u00fcr KCC nur verbindlich, wenn diese von ihr schriftlich best\u00e4tigt werden.<br \/>Die von KCC abgeschlossenen Vertr\u00e4ge sind Dienstvertr\u00e4ge, sofern nicht ausdr\u00fccklich etwas anderes vereinbart wird. Gegenstand des Vertrages ist daher die Erbringung der vereinbarten Leistungen, nicht die Herbeif\u00fchrung eines bestimmten Erfolges. Insbesondere schuldet KCC nicht ein bestimmtes wirtschaftliches Ergebnis. Ihre Stellungnahmen und Empfehlungen bereiten die unternehmerische Entscheidung des Auftraggebers vor. Sie k\u00f6nnen sie in keinem Fall ersetzen.<\/p><p>KCC ist berechtigt, Hilfskr\u00e4fte, sachverst\u00e4ndige Dritte und andere Erf\u00fcllungsgehilfen zur Durchf\u00fchrung eines Beratungsvertrages heranzuziehen. Beratungsleistungen in Rechts- und Steuerfragen werden von ihr auf Grund der geltenden Bestimmungen weder zugesagt noch erbracht. Diese Leistungen sind vom Auftraggeber selbst bereitzustellen.<\/p><p>KCC erbringt ihre Beratungsleistungen auf der Grundlage der ihr vom Auftraggeber oder seinen Beauftragten zur Verf\u00fcgung gestellten Daten und Informationen. Die Gew\u00e4hr f\u00fcr sachliche Richtigkeit und f\u00fcr Vollst\u00e4ndigkeit liegt beim Auftraggeber.<\/p><p>2. Angebote, Honorare<\/p><p>Die Angebote sind freibleibend. \u00c4nderungen vorbehalten. Alle Honorare verstehen sich in der im Angebot angegebenen W\u00e4hrung. F\u00fcr Coaching- und Beratungsleistungen werden die in der Coaching- bzw. Beratungsvereinbarung festgelegten Honorare berechnet. Nebenkosten, wie bspw. Reise- und \u00dcbernachtungskosten, werden, sofern im Angebot nicht als \u00abinklusiv\u00bb benannt, dem Auftraggeber gesondert in angemessenem Rahmen berechnet.<\/p><p>Das Honorar ist, wenn nichts anderes vereinbart wurde, 15 Kalendertage nach Rechnungsstellung und ohne Abzug f\u00e4llig. Die Zur\u00fcckbehaltung des Honorars und die Aufrechnung sind nur zul\u00e4ssig, wenn die Anspr\u00fcche der Auftraggeberin\/des Auftraggebers von KCC anerkannt oder rechtskr\u00e4ftig festgestellt sind.<\/p><p>3. Absage eines Termins<\/p><p>Vereinbarte Termine sind grunds\u00e4tzlich verbindlich. Dies gilt auch f\u00fcr kostenlose Vorgespr\u00e4che.<br \/>Zeit und Ort der Leistung werden von den Gesch\u00e4ftspartnern einvernehmlich vereinbart. Das p\u00fcnktliche Erscheinen ist Sache des Auftraggebers.<\/p><p>Eine kostenfreie Absage oder Verschiebung des Termins ist bis sp\u00e4testens 24h vor dem Termin m\u00f6glich. Danach wird das Honorar zu 75% in Rechnung gestellt. Bei Nichterscheinen wird das volle Honorar als Ausfallhonorar f\u00e4llig.<\/p><p>4. H\u00f6here Gewalt und sonstige Leistungshindernisse<\/p><p>KCC ist berechtigt, bei h\u00f6herer Gewalt vereinbarte Termine zu verschieben. Hierunter fallen auch Leistungshindernisse, die aufgrund von Krankheit, Unfall oder \u00e4hnlichem entstanden sind.<\/p><p>In diesem Fall wird KCC den Auftraggeber schnellstm\u00f6glich verst\u00e4ndigen und einen Ersatztermin anbieten.<\/p><p>5. Urheberrecht<\/p><p>Alle an den Auftraggeber ausgeh\u00e4ndigten Unterlagen sind, soweit nichts anderes vereinbart ist, in der vereinbarten Verg\u00fctung enthalten. Die Unterlagen sind zum pers\u00f6nliche Gebrauch des Auftraggeber bestimmt. Der Auftraggeber erlangt dadurch keine Urheberrechte.<\/p><p>Dem Auftraggeber ist es nicht gestattet, die Unterlagen ohne schriftliche Zustimmung von KCC ganz oder auszugsweise zu reproduzieren und\/oder Dritten zug\u00e4nglich zu machen. Eine Ver\u00f6ffentlichung, auch auszugsweise, ist untersagt.<\/p><p>6. Versicherungsschutz<\/p><p>Jeder Auftraggeber tr\u00e4gt die volle Verantwortung f\u00fcr sich und seine Handlungen und kommt f\u00fcr eventuell verursachte Sch\u00e4den selbst auf.<\/p><p>Coaching ist keine Psychotherapie und kann diese nicht ersetzen. Die Teilnahme setzt eine normale psychische und physische Belastbarkeit voraus. Veranstalter von Corporate Programmen, Team-Coachings, Seminaren, Workshops, die von KCC vorbereitet, mit dem Auftraggeber abgestimmt und umgesetzt werden, ist immer der Auftraggeber. Die Teilnehmer haben deshalb keinen Versicherungsschutz durch KCC.<\/p><p>7. Haftung<\/p><p>Die Informationen und Ratschl\u00e4ge insb. in Coaching-Sitzungen sowie in allen Dokumentationen sind durch KCC sorgf\u00e4ltig erwogen und gepr\u00fcft. Bei der T\u00e4tigkeit von KCC handelt es sich um eine reine Dienstleistungst\u00e4tigkeit. Ein Erfolg ist daher nicht geschuldet. Eine Haftung wird ausgeschlossen. Der Versand bzw. die elektronische \u00dcbertragung jeglicher Daten erfolgt auf Gefahr des Auftraggeber.<\/p><p>8. Vertraulichkeit<\/p><p>KCC verpflichtet sich, \u00fcber alle im Rahmen der T\u00e4tigkeit bekannt gewordenen betrieblichen, gesch\u00e4ftlichen und privaten Angelegenheiten des Auftraggebers auch nach der Beendigung des Vertrages Stillschweigen gegen\u00fcber Dritten zu bewahren.<\/p><p>Dar\u00fcber hinaus verpflichtet sich KCC, die zum Zwecke der Beratert\u00e4tigkeit \u00fcberlassenen Unterlagen sorgf\u00e4ltig zu verwahren und gegen Einsichtnahme Dritter zu sch\u00fctzen.<\/p><p>9. Mitwirkungspflicht des Auftraggebers<\/p><p>Die Leistungen erfolgen auf der Grundlage der zwischen den Gesch\u00e4ftspartnern gef\u00fchrten vorbereitenden Gespr\u00e4che. Es beruht auf Kooperation und gegenseitigem Vertrauen, sowie Offenheit und Transparenz. KCC m\u00f6chte in diesem Zusammenhang darauf aufmerksam machen, dass insb. Coaching ein freier, aktiver und selbstverantwortlicher Prozess ist und bestimmte Erfolge nicht garantiert werden k\u00f6nnen. KCC steht dem Auftraggeber als Prozessbegleiterin und als Unterst\u00fctzung bei Entscheidungen und Ver\u00e4nderungen zur Seite \u2013 die eigentliche Ver\u00e4nderungsarbeit wird vom Auftraggeber geleistet. Der Auftraggeber sollte daher bereit und offen sein, sich mit sich selbst und seiner Situation auseinanderzusetzen.<\/p><p>10. Abgrenzung von Coaching zur Psychotherapie<\/p><p>Coaching ist keine Therapie und ersetzt diese auch nicht. Coaching basiert auf einer Coach-Coachee-Beziehung, die durch ein partnerschaftliches Miteinander gekennzeichnet ist und dabei die Rolle des Coach klar von Therapeuten und \u00c4rzten abgrenzt.<\/p><p>Psychotherapie ist problem- und symptomorientiert, sie besch\u00e4ftigt sich mit der Vergangenheit und ist bem\u00fcht alte Wunden zu heilen. Coaching ist l\u00f6sungsorientiert und auf die Gegenwart, Zukunft und Aktivit\u00e4t ausgerichtet. Psychotherapie ist die gezielte Behandlung einer psychischen Krankheit. Coaching dient dem &#8222;gesunden&#8220; Menschen, welcher handlungsf\u00e4hig und zur Selbstreflexion f\u00e4hig ist.<\/p><p>Das Ergebnis eines Coachings stellt nicht die Linderung psychischer Beschwerden dar, sondern die individuelle Weiterentwicklung des Coachees, womit eine Steigerung seiner allgemeinen Lebensqualit\u00e4t einhergeht.<\/p><p>11. Schlussbestimmung<\/p><p>Sollten einzelne Bestimmungen des Vertrages mit dem Auftraggeber einschlie\u00dflich dieser Allgemeinen Gesch\u00e4ftsbedingungen ganz oder teilweise unwirksam sein oder werden, so wird hier durch die G\u00fcltigkeit der \u00fcbrigen Bestimmungen nicht ber\u00fchrt. Die ganz oder teilweise unwirksame Regelung soll durch eine Regelung ersetzt werden, deren wirtschaftlicher Erfolg dem der unwirksamen m\u00f6glichst Nahe kommt.<\/p><p>12. Erf\u00fcllungsort und Gerichtsstand<\/p><p>Erf\u00fcllungsort ist sofern nicht anders vereinbart der Ort des Auftraggebers. Gerichtstand ist Z\u00fcrich in der Schweiz. Es gilt Schweizer Recht.<\/p><p>D\u00fcbendorf, 01.01.2023<\/p>\t\t\t\t\t\t\t\t<\/div>\n\t\t\t\t\t<\/div>\n\t\t\t\t<\/div>\n\t\t<div class=\"elementor-element elementor-element-476c84d e-flex e-con-boxed wpr-particle-no wpr-jarallax-no wpr-parallax-no wpr-sticky-section-no wpr-equal-height-no e-con e-parent\" data-id=\"476c84d\" data-element_type=\"container\" data-e-type=\"container\">\n\t\t\t\t\t<div class=\"e-con-inner\">\n\t\t\t\t<div class=\"elementor-element elementor-element-be93e71 elementor-widget elementor-widget-html\" data-id=\"be93e71\" data-element_type=\"widget\" data-e-type=\"widget\" data-widget_type=\"html.default\">\n\t\t\t\t\t<p class=\"seal\"><a href=\"https:\/\/datenschutz-generator.de\/\" title=\"Rechtstext von Dr. Schwenke - f\u00fcr weitere Informationen bitte anklicken.\" target=\"_blank\" rel=\"noopener noreferrer nofollow\"><img loading=\"lazy\" decoding=\"async\" src=\"https:\/\/datenschutz-generator.de\/wp-content\/plugins\/ts-dsg\/images\/dsg-seal\/dsg-seal-doc-de.png\" alt=\"Rechtstext von Dr. Schwenke - f\u00fcr weitere Informationen bitte anklicken.\" width=\"100\" height=\"100\"><\/a><\/p>\t\t\t\t<\/div>\n\t\t\t\t\t<\/div>\n\t\t\t\t<\/div>\n\t\t\t\t<\/div>","protected":false},"excerpt":{"rendered":"<p>Allgemeine Gesch\u00e4ftsbedingungen Allgemeine Gesch\u00e4fts-bedingungen Koch Consulting &amp; Coaching (Albina Koch) 1. Allgemeines Koch Consulting &amp; Coaching (Albina Koch), nachfolgend genannt KCC, f\u00fchrt Coaching und Beratung gem\u00e4\u00df diesen Allgemeinen Gesch\u00e4ftsbedingungen (AGB) durch. Mit der Beauftragung gelten diese Bedingungen vom Auftraggeber als angenommen.Weitere Vereinbarungen sind f\u00fcr KCC nur verbindlich, wenn diese von ihr schriftlich best\u00e4tigt werden.Die von KCC abgeschlossenen Vertr\u00e4ge sind Dienstvertr\u00e4ge, sofern nicht ausdr\u00fccklich etwas anderes vereinbart wird. Gegenstand des Vertrages ist daher die Erbringung der vereinbarten Leistungen, nicht die Herbeif\u00fchrung eines bestimmten Erfolges. Insbesondere schuldet KCC nicht ein bestimmtes wirtschaftliches Ergebnis. Ihre Stellungnahmen und Empfehlungen bereiten die unternehmerische Entscheidung des Auftraggebers vor. Sie k\u00f6nnen sie in keinem Fall ersetzen. KCC ist berechtigt, Hilfskr\u00e4fte, sachverst\u00e4ndige Dritte und andere Erf\u00fcllungsgehilfen zur Durchf\u00fchrung eines Beratungsvertrages heranzuziehen. Beratungsleistungen in Rechts- und Steuerfragen werden von ihr auf Grund der geltenden Bestimmungen weder zugesagt noch erbracht. Diese Leistungen sind vom Auftraggeber selbst bereitzustellen. KCC erbringt ihre Beratungsleistungen auf der Grundlage der ihr vom Auftraggeber oder seinen Beauftragten zur Verf\u00fcgung gestellten Daten und Informationen. Die Gew\u00e4hr f\u00fcr sachliche Richtigkeit und f\u00fcr Vollst\u00e4ndigkeit liegt beim Auftraggeber. 2. Angebote, Honorare Die Angebote sind freibleibend. \u00c4nderungen vorbehalten. Alle Honorare verstehen sich in der im Angebot angegebenen W\u00e4hrung. F\u00fcr Coaching- und Beratungsleistungen werden die in der Coaching- bzw. Beratungsvereinbarung festgelegten Honorare berechnet. Nebenkosten, wie bspw. Reise- und \u00dcbernachtungskosten, werden, sofern im Angebot nicht als \u00abinklusiv\u00bb benannt, dem Auftraggeber gesondert in angemessenem Rahmen berechnet. Das Honorar ist, wenn nichts anderes vereinbart wurde, 15 Kalendertage nach Rechnungsstellung und ohne Abzug f\u00e4llig. Die Zur\u00fcckbehaltung des Honorars und die Aufrechnung sind nur zul\u00e4ssig, wenn die Anspr\u00fcche der Auftraggeberin\/des Auftraggebers von KCC anerkannt oder rechtskr\u00e4ftig festgestellt sind. 3. Absage eines Termins Vereinbarte Termine sind grunds\u00e4tzlich verbindlich. Dies gilt auch f\u00fcr kostenlose Vorgespr\u00e4che.Zeit und Ort der Leistung werden von den Gesch\u00e4ftspartnern einvernehmlich vereinbart. Das p\u00fcnktliche Erscheinen ist Sache des Auftraggebers. Eine kostenfreie Absage oder Verschiebung des Termins ist bis sp\u00e4testens 24h vor dem Termin m\u00f6glich. Danach wird das Honorar zu 75% in Rechnung gestellt. Bei Nichterscheinen wird das volle Honorar als Ausfallhonorar f\u00e4llig. 4. H\u00f6here Gewalt und sonstige Leistungshindernisse KCC ist berechtigt, bei h\u00f6herer Gewalt vereinbarte Termine zu verschieben. Hierunter fallen auch Leistungshindernisse, die aufgrund von Krankheit, Unfall oder \u00e4hnlichem entstanden sind. In diesem Fall wird KCC den Auftraggeber schnellstm\u00f6glich verst\u00e4ndigen und einen Ersatztermin anbieten. 5. Urheberrecht Alle an den Auftraggeber ausgeh\u00e4ndigten Unterlagen sind, soweit nichts anderes vereinbart ist, in der vereinbarten Verg\u00fctung enthalten. Die Unterlagen sind zum pers\u00f6nliche Gebrauch des Auftraggeber bestimmt. Der Auftraggeber erlangt dadurch keine Urheberrechte. Dem Auftraggeber ist es nicht gestattet, die Unterlagen ohne schriftliche Zustimmung von KCC ganz oder auszugsweise zu reproduzieren und\/oder Dritten zug\u00e4nglich zu machen. Eine Ver\u00f6ffentlichung, auch auszugsweise, ist untersagt. 6. Versicherungsschutz Jeder Auftraggeber tr\u00e4gt die volle Verantwortung f\u00fcr sich und seine Handlungen und kommt f\u00fcr eventuell verursachte Sch\u00e4den selbst auf. Coaching ist keine Psychotherapie und kann diese nicht ersetzen. Die Teilnahme setzt eine normale psychische und physische Belastbarkeit voraus. Veranstalter von Corporate Programmen, Team-Coachings, Seminaren, Workshops, die von KCC vorbereitet, mit dem Auftraggeber abgestimmt und umgesetzt werden, ist immer der Auftraggeber. Die Teilnehmer haben deshalb keinen Versicherungsschutz durch KCC. 7. Haftung Die Informationen und Ratschl\u00e4ge insb. in Coaching-Sitzungen sowie in allen Dokumentationen sind durch KCC sorgf\u00e4ltig erwogen und gepr\u00fcft. Bei der T\u00e4tigkeit von KCC handelt es sich um eine reine Dienstleistungst\u00e4tigkeit. Ein Erfolg ist daher nicht geschuldet. Eine Haftung wird ausgeschlossen. Der Versand bzw. die elektronische \u00dcbertragung jeglicher Daten erfolgt auf Gefahr des Auftraggeber. 8. Vertraulichkeit KCC verpflichtet sich, \u00fcber alle im Rahmen der T\u00e4tigkeit bekannt gewordenen betrieblichen, gesch\u00e4ftlichen und privaten Angelegenheiten des Auftraggebers auch nach der Beendigung des Vertrages Stillschweigen gegen\u00fcber Dritten zu bewahren. Dar\u00fcber hinaus verpflichtet sich KCC, die zum Zwecke der Beratert\u00e4tigkeit \u00fcberlassenen Unterlagen sorgf\u00e4ltig zu verwahren und gegen Einsichtnahme Dritter zu sch\u00fctzen. 9. Mitwirkungspflicht des Auftraggebers Die Leistungen erfolgen auf der Grundlage der zwischen den Gesch\u00e4ftspartnern gef\u00fchrten vorbereitenden Gespr\u00e4che. Es beruht auf Kooperation und gegenseitigem Vertrauen, sowie Offenheit und Transparenz. KCC m\u00f6chte in diesem Zusammenhang darauf aufmerksam machen, dass insb. Coaching ein freier, aktiver und selbstverantwortlicher Prozess ist und bestimmte Erfolge nicht garantiert werden k\u00f6nnen. KCC steht dem Auftraggeber als Prozessbegleiterin und als Unterst\u00fctzung bei Entscheidungen und Ver\u00e4nderungen zur Seite \u2013 die eigentliche Ver\u00e4nderungsarbeit wird vom Auftraggeber geleistet. Der Auftraggeber sollte daher bereit und offen sein, sich mit sich selbst und seiner Situation auseinanderzusetzen. 10. Abgrenzung von Coaching zur Psychotherapie Coaching ist keine Therapie und ersetzt diese auch nicht. Coaching basiert auf einer Coach-Coachee-Beziehung, die durch ein partnerschaftliches Miteinander gekennzeichnet ist und dabei die Rolle des Coach klar von Therapeuten und \u00c4rzten abgrenzt. Psychotherapie ist problem- und symptomorientiert, sie besch\u00e4ftigt sich mit der Vergangenheit und ist bem\u00fcht alte Wunden zu heilen. Coaching ist l\u00f6sungsorientiert und auf die Gegenwart, Zukunft und Aktivit\u00e4t ausgerichtet. Psychotherapie ist die gezielte Behandlung einer psychischen Krankheit. Coaching dient dem &#8222;gesunden&#8220; Menschen, welcher handlungsf\u00e4hig und zur Selbstreflexion f\u00e4hig ist. Das Ergebnis eines Coachings stellt nicht die Linderung psychischer Beschwerden dar, sondern die individuelle Weiterentwicklung des Coachees, womit eine Steigerung seiner allgemeinen Lebensqualit\u00e4t einhergeht. 11. Schlussbestimmung Sollten einzelne Bestimmungen des Vertrages mit dem Auftraggeber einschlie\u00dflich dieser Allgemeinen Gesch\u00e4ftsbedingungen ganz oder teilweise unwirksam sein oder werden, so wird hier durch die G\u00fcltigkeit der \u00fcbrigen Bestimmungen nicht ber\u00fchrt. Die ganz oder teilweise unwirksame Regelung soll durch eine Regelung ersetzt werden, deren wirtschaftlicher Erfolg dem der unwirksamen m\u00f6glichst Nahe kommt. 12. Erf\u00fcllungsort und Gerichtsstand Erf\u00fcllungsort ist sofern nicht anders vereinbart der Ort des Auftraggebers. Gerichtstand ist Z\u00fcrich in der Schweiz. Es gilt Schweizer Recht. D\u00fcbendorf, 01.01.2023<\/p>","protected":false},"author":2,"featured_media":0,"parent":0,"menu_order":0,"comment_status":"closed","ping_status":"closed","template":"","meta":{"footnotes":""},"class_list":["post-6085","page","type-page","status-publish","hentry"],"jetpack_sharing_enabled":true,"_links":{"self":[{"href":"https:\/\/albinakoch.com\/en\/wp-json\/wp\/v2\/pages\/6085","targetHints":{"allow":["GET"]}}],"collection":[{"href":"https:\/\/albinakoch.com\/en\/wp-json\/wp\/v2\/pages"}],"about":[{"href":"https:\/\/albinakoch.com\/en\/wp-json\/wp\/v2\/types\/page"}],"author":[{"embeddable":true,"href":"https:\/\/albinakoch.com\/en\/wp-json\/wp\/v2\/users\/2"}],"replies":[{"embeddable":true,"href":"https:\/\/albinakoch.com\/en\/wp-json\/wp\/v2\/comments?post=6085"}],"version-history":[{"count":16,"href":"https:\/\/albinakoch.com\/en\/wp-json\/wp\/v2\/pages\/6085\/revisions"}],"predecessor-version":[{"id":6389,"href":"https:\/\/albinakoch.com\/en\/wp-json\/wp\/v2\/pages\/6085\/revisions\/6389"}],"wp:attachment":[{"href":"https:\/\/albinakoch.com\/en\/wp-json\/wp\/v2\/media?parent=6085"}],"curies":[{"name":"wp","href":"https:\/\/api.w.org\/{rel}","templated":true}]}}